{"id":2,"date":"2015-05-30T11:10:29","date_gmt":"2015-05-30T09:10:29","guid":{"rendered":"http:\/\/www.digilon.de\/?page_id=2"},"modified":"2025-09-12T17:06:51","modified_gmt":"2025-09-12T15:06:51","slug":"impressum","status":"publish","type":"page","link":"https:\/\/www.kuef.de\/index.php\/impressum\/","title":{"rendered":"Impressum"},"content":{"rendered":"<p><strong data-start=\"3145\" data-end=\"3208\">Impressum (\u00a7 5 DDG), Verantwortlich i.S.d. \u00a7 18 Abs. 2 MStV<\/strong><br data-start=\"3208\" data-end=\"3211\" \/>Mathias K\u00fcfner<br data-start=\"3227\" data-end=\"3230\" \/>Elisabethstra\u00dfe 110, 85716 Unterschlei\u00dfheim, Deutschland<br data-start=\"3288\" data-end=\"3291\" \/><strong data-start=\"3293\" data-end=\"3304\">E-Mail:<\/strong> <a href=\"mailto:info@kuef.de\">info@kuef.de<\/a><\/p>\n<p><strong>Streitbeilegung<\/strong><br \/>\nWir sind nicht bereit und nicht verpflichtet, an Streitbeilegungsverfahren vor einer Verbraucherschlichtungsstelle teilzunehmen.<\/p>\n<p><strong>Erg\u00e4nzende Hinweise<\/strong><\/p>\n<p>Diese Webseite www.kuef.de ist eine private Webseite, hinter der kein Unternehmen steht. Sie wird prim\u00e4r zur Selbstdarstellung, Meinungs\u00e4u\u00dferung und Informationsweitergabe genutzt, wobei bewusst auch fiktive und experimentelle Inhalte als Form der k\u00fcnstlerische Darstellung und Darbietung beinhaltet sein k\u00f6nnen. Dies kann auch Satire einschlie\u00dfen. Diese Webseite ist auch \u00fcber andere Domains erreichbar, bzw. es kann eine Weiterleitung auf diese Webseite erfolgt sein.<\/p>\n<p>Alle Texte entspringen der Meinungs- und Pressefreiheit und verstehen sich als Ausdruck der Entfaltung der Pers\u00f6nlichkeit des jeweiligen Verfassers.<br \/>\nInsbesondere stellt die Seite das Leben und das Schaffen der Person &#8222;Mathias K\u00fcfner&#8220;, als Autor dar und beinhaltet seine Ansichten, Meinungen und \u00c4u\u00dferungen als Privatperson und als Urheber von Textwerken in digitaler und gedruckter Form.<\/p>\n<p>F\u00fcr die Inhalte die \u00fcber Links und einbettende Referenzierung auf anderen Seiten und Sites erreichbar sind wird, trotz sorgf\u00e4ltiger inhaltlicher Kontrolle, nicht gehaftet. Daf\u00fcr sind ausschlie\u00dflich die Betreiber der jeweiligen Sites und Angebote verantwortlich. Es wird jedem Benutzer zugemutet sich mit den grundlegenden Techniken und Konzepten im Internet selbst vertraut zu machen und sich verantwortungsvoll damit auseinander zu setzen.<\/p>\n<p>Im Sinne einer k\u00fcnstlerisch, kulturellen Auseinandersetzung wird an verschiedenen Stellen Bezug genommen auf andere K\u00fcnstler, deren Werke und Schaffen. Dies geschieht auch in Form von Referenzierungen. Dabei wird auf fremde \u00f6ffentliche Angebote verwiesen, ohne sich diese zu eigen zu machen. Die fremden Angebote sind, soweit bekannt, legal. Der Benutzer der Seiten sollte bei ausreichender Medienkompetenz problemlos in der Lage sein, zu erkennen, wo das Angebot dieser Webseite endet, und wann eine fremde Webseite betreten wird. F\u00fcr fremde Inhalte wird nicht gehaftet und keinerlei Rechtsanspruch geltend gemacht. Es liegt in der pers\u00f6nlichen Entscheidungsgewalt und Verantwortung jedes Nutzers dieser Webseite, die Funktionen der Webseite, seines Browsers, des Hypertext und der Markupsprache zu verwenden oder die Verwendung zu unterlassen.<\/p>\n<p>Siehe auch die <a href=\"https:\/\/www.kuef.de\/index.php\/datenschutzerklaerung\/\">Datenschutzerkl\u00e4rung<\/a>.<\/p>\n","protected":false},"excerpt":{"rendered":"<p>Impressum (\u00a7 5 DDG), Verantwortlich i.S.d. \u00a7 18 Abs. 2 MStVMathias K\u00fcfnerElisabethstra\u00dfe 110, 85716 Unterschlei\u00dfheim, DeutschlandE-Mail: info@kuef.de Streitbeilegung Wir sind nicht bereit und nicht verpflichtet, an Streitbeilegungsverfahren vor einer Verbraucherschlichtungsstelle teilzunehmen. Erg\u00e4nzende Hinweise Diese Webseite www.kuef.de ist eine private Webseite, hinter der kein Unternehmen steht. Sie wird prim\u00e4r zur Selbstdarstellung, Meinungs\u00e4u\u00dferung und Informationsweitergabe genutzt, wobei [&hellip;]<\/p>\n","protected":false},"author":1,"featured_media":0,"parent":0,"menu_order":0,"comment_status":"closed","ping_status":"open","template":"","meta":{"footnotes":""},"class_list":["post-2","page","type-page","status-publish","hentry"],"_links":{"self":[{"href":"https:\/\/www.kuef.de\/index.php\/wp-json\/wp\/v2\/pages\/2","targetHints":{"allow":["GET"]}}],"collection":[{"href":"https:\/\/www.kuef.de\/index.php\/wp-json\/wp\/v2\/pages"}],"about":[{"href":"https:\/\/www.kuef.de\/index.php\/wp-json\/wp\/v2\/types\/page"}],"author":[{"embeddable":true,"href":"https:\/\/www.kuef.de\/index.php\/wp-json\/wp\/v2\/users\/1"}],"replies":[{"embeddable":true,"href":"https:\/\/www.kuef.de\/index.php\/wp-json\/wp\/v2\/comments?post=2"}],"version-history":[{"count":10,"href":"https:\/\/www.kuef.de\/index.php\/wp-json\/wp\/v2\/pages\/2\/revisions"}],"predecessor-version":[{"id":261,"href":"https:\/\/www.kuef.de\/index.php\/wp-json\/wp\/v2\/pages\/2\/revisions\/261"}],"wp:attachment":[{"href":"https:\/\/www.kuef.de\/index.php\/wp-json\/wp\/v2\/media?parent=2"}],"curies":[{"name":"wp","href":"https:\/\/api.w.org\/{rel}","templated":true}]}}