{"id":137,"date":"2022-08-07T11:24:54","date_gmt":"2022-08-07T09:24:54","guid":{"rendered":"https:\/\/www.kuef.de\/?page_id=137"},"modified":"2025-09-12T17:11:58","modified_gmt":"2025-09-12T15:11:58","slug":"contact-elsewhere","status":"publish","type":"page","link":"https:\/\/www.kuef.de\/index.php\/contact-elsewhere\/","title":{"rendered":"contact &#038; elsewhere"},"content":{"rendered":"\n<p>Links zu anderen Seiten\/Diensten und Kontaktm\u00f6glichkeiten<\/p>\n\n\n\n<p><\/p>\n\n\n\n<p>Mathias K\u00fcfner hat an der <a href=\"https:\/\/www.in.tum.de\/in\/startseite\/\" data-type=\"URL\" data-id=\"https:\/\/www.in.tum.de\/in\/startseite\/\">Technischen Universit\u00e4t M\u00fcnchen Informatik<\/a>, mit Nebenfach Psychologie studiert und arbeitet seit 2001 bei der<a href=\"https:\/\/www.bmt-online.de\/\" data-type=\"URL\" data-id=\"https:\/\/www.bmt-online.de\/\"> Bayerischen Medien Technik GmbH<\/a> im Bereich digitaler Rundfunksysteme, Verkehrstelematik, EDV &amp; IT Systemen, App Entwicklung und Virtualisierungstechniken.<\/p>\n\n\n\n<p>Unter anderem entstand hier 2018 eine <a href=\"https:\/\/www.bmt-online.de\/projekte\/#studie\">Studie zu den DAB Sendernetzkosten<\/a> im Auftrag der Landeszentrale f\u00fcr Medien und Kommunikation Rheinland-Pfalz (LMK), die grundlegend strukturiert die Kostenfaktoren f\u00fcr DAB Sendernetze aufschl\u00fcsselt.<\/p>\n\n\n\n<p><\/p>\n\n\n\n<p><strong>LinkedIn:<\/strong>  <a href=\"https:\/\/www.linkedin.com\/in\/mathias-k%C3%BCfner-9a6b45206\/\">https:\/\/www.linkedin.com\/in\/mathias-k%C3%BCfner-9a6b45206\/<\/a><\/p>\n\n\n\n<p><\/p>\n\n\n\n<p>Artikel von mir bei <a href=\"https:\/\/www.golem.de\/\" data-type=\"URL\" data-id=\"https:\/\/www.golem.de\/\"><strong>Golem.de<\/strong><\/a><\/p>\n\n\n\n<ul class=\"wp-block-list\">\n<li><a href=\"https:\/\/www.golem.de\/news\/radio-wie-gut-darf-dab-klingen-2202-162616.html\">&#8222;Wie gut darf DAB+ klingen?&#8220;<\/a> (14.2.2022)<br>Einige Grundfrage zu Klangqualit\u00e4t von DAB+ (Digitalradio) und die Zusammenh\u00e4nge mit wirtschaftlichen Faktoren, \u00dcbertragungskapazit\u00e4t, Gleichwellennetzen und Sendernetzdichte werden hier behandelt.<br><\/li>\n\n\n\n<li>&#8222;<a href=\"https:\/\/www.golem.de\/news\/fernsehen-mit-satelliten-tv-kodi-und-ethernet-zur-videosammlung-2205-164911.html\">Mit Satelliten-TV, Kodi und Ethernet zur Videosammlung<\/a>&#8220; (20.5.2022)<br>SAT&gt;IP hei\u00dft die Technik, mit der sich DVB-S2 im ganzen Haus per LAN und WLAN verteilen l\u00e4sst, ohne gesonderte Koaxialkabel. Geht man einen Schritt weiter und nutzt TVHeadend und ein NAS kommt man schnell zur eigenen Mediathek.<br><\/li>\n<\/ul>\n\n\n\n<p><\/p>\n\n\n\n<p>Auf der Facebook Seite &#8222;<a href=\"http:\/\/&quot;kuefs Surreales Fundb\u00fcro&quot; : https:\/\/www.facebook.com\/kuefs\">kuefs Surreales Fundb\u00fcro<\/a>&#8220; gibt es ab und zu Links und Beitr\u00e4ge, eher aus dem Bereich Kunst. Im <a href=\"https:\/\/www.facebook.com\/mathias.kuefner\" data-type=\"URL\" data-id=\"https:\/\/www.facebook.com\/mathias.kuefner\">pers\u00f6nlichen Facebook Profil<\/a> gibt es einige \u00f6ffentliche Beitr\u00e4ge. Freundschaftsanfragen von nicht direkt bekannten Personen werden dabei aber nicht angenommen. Auf <a href=\"https:\/\/twitter.com\/kuef\" data-type=\"URL\" data-id=\"https:\/\/twitter.com\/kuef\">Twitter <\/a>gibt es derzeit fast nur Crosspostings von Facebook. Einige wenige kleinere Videoschnipsel sind auf <a href=\"https:\/\/www.youtube.com\/c\/kuef\/videos\" data-type=\"URL\" data-id=\"https:\/\/www.youtube.com\/c\/kuef\/videos\">Youtube <\/a>zu finden. Gr\u00f6\u00dfere Projekte wurden aufgrund urheberschutzrechtlicher Gr\u00fcnde in der Vergangenheit nicht publiziert.<\/p>\n\n\n\n<p>\u00dcber XinXi gibt es den ersten Teil &#8222;<a href=\"https:\/\/www.xinxii.com\/belletristik-1\/fantasy-5\/zwischen-dem-horizont-354410\" data-type=\"URL\" data-id=\"https:\/\/www.xinxii.com\/belletristik-1\/fantasy-5\/zwischen-dem-horizont-354410\">Zwischen dem Horizont<\/a>&#8220; der Romanreihe &#8222;Das Buch der Welten&#8220;, die derzeit noch offen ist.<\/p>\n\n\n\n<p><\/p>\n\n\n\n<p>Kontakt Email: <a href=\"mailto:info@kuef.de\">info@kuef.de<\/a><\/p>\n\n\n\n<p>Nicht zu verwechseln ist Mathias K\u00fcfner \u00fcbrigens mit dem fast gleichnamigen Torh\u00fcter Matthias K\u00fcfner.<\/p>\n\n\n\n<p><\/p>\n","protected":false},"excerpt":{"rendered":"<p>Links zu anderen Seiten\/Diensten und Kontaktm\u00f6glichkeiten Mathias K\u00fcfner hat an der Technischen Universit\u00e4t M\u00fcnchen Informatik, mit Nebenfach Psychologie studiert und arbeitet seit 2001 bei der Bayerischen Medien Technik GmbH im Bereich digitaler Rundfunksysteme, Verkehrstelematik, EDV &amp; IT Systemen, App Entwicklung und Virtualisierungstechniken. Unter anderem entstand hier 2018 eine Studie zu den DAB Sendernetzkosten im Auftrag [&hellip;]<\/p>\n","protected":false},"author":1,"featured_media":0,"parent":0,"menu_order":0,"comment_status":"closed","ping_status":"closed","template":"","meta":{"footnotes":""},"class_list":["post-137","page","type-page","status-publish","hentry"],"_links":{"self":[{"href":"https:\/\/www.kuef.de\/index.php\/wp-json\/wp\/v2\/pages\/137","targetHints":{"allow":["GET"]}}],"collection":[{"href":"https:\/\/www.kuef.de\/index.php\/wp-json\/wp\/v2\/pages"}],"about":[{"href":"https:\/\/www.kuef.de\/index.php\/wp-json\/wp\/v2\/types\/page"}],"author":[{"embeddable":true,"href":"https:\/\/www.kuef.de\/index.php\/wp-json\/wp\/v2\/users\/1"}],"replies":[{"embeddable":true,"href":"https:\/\/www.kuef.de\/index.php\/wp-json\/wp\/v2\/comments?post=137"}],"version-history":[{"count":6,"href":"https:\/\/www.kuef.de\/index.php\/wp-json\/wp\/v2\/pages\/137\/revisions"}],"predecessor-version":[{"id":266,"href":"https:\/\/www.kuef.de\/index.php\/wp-json\/wp\/v2\/pages\/137\/revisions\/266"}],"wp:attachment":[{"href":"https:\/\/www.kuef.de\/index.php\/wp-json\/wp\/v2\/media?parent=137"}],"curies":[{"name":"wp","href":"https:\/\/api.w.org\/{rel}","templated":true}]}}